


{"id":387110,"date":"2023-10-16T13:37:49","date_gmt":"2023-10-16T13:37:49","guid":{"rendered":"https:\/\/ww2.geotiles.com\/solutions-techniques\/conseils-de-nettoyage\/"},"modified":"2024-07-19T11:33:34","modified_gmt":"2024-07-19T11:33:34","slug":"conseils-de-nettoyage","status":"publish","type":"page","link":"https:\/\/www.geotiles.com\/fr\/solutions-techniques\/conseils-de-nettoyage\/","title":{"rendered":"Conseils de nettoyage"},"content":{"rendered":"<p>[et_pb_section fb_built=\u00a0\u00bb1&Prime; _builder_version=\u00a0\u00bb4.22.2&Prime; _module_preset=\u00a0\u00bbdefault\u00a0\u00bb custom_margin=\u00a0\u00bb100px||||false|false\u00a0\u00bb custom_padding=\u00a0\u00bb||18px||false|false\u00a0\u00bb global_colors_info=\u00a0\u00bb{}\u00a0\u00bb theme_builder_area=\u00a0\u00bbpost_content\u00a0\u00bb][et_pb_row admin_label=\u00a0\u00bbrow\u00a0\u00bb _builder_version=\u00a0\u00bb4.22.2&Prime; background_enable_color=\u00a0\u00bboff\u00a0\u00bb custom_padding=\u00a0\u00bb||0px|||\u00a0\u00bb global_colors_info=\u00a0\u00bb{}\u00a0\u00bb theme_builder_area=\u00a0\u00bbpost_content\u00a0\u00bb][et_pb_column type=\u00a0\u00bb4_4&Prime; _builder_version=\u00a0\u00bb4.16&Prime; custom_padding=\u00a0\u00bb|||\u00a0\u00bb global_colors_info=\u00a0\u00bb{}\u00a0\u00bb custom_padding__hover=\u00a0\u00bb|||\u00a0\u00bb theme_builder_area=\u00a0\u00bbpost_content\u00a0\u00bb][et_pb_text _builder_version=\u00a0\u00bb4.22.2&Prime; _module_preset=\u00a0\u00bbdefault\u00a0\u00bb header_5_text_color=\u00a0\u00bb#1F3EAC\u00a0\u00bb header_5_font_size=\u00a0\u00bb17px\u00a0\u00bb header_5_letter_spacing=\u00a0\u00bb1px\u00a0\u00bb custom_margin=\u00a0\u00bb||0px|||\u00a0\u00bb custom_padding=\u00a0\u00bb||0px|||\u00a0\u00bb locked=\u00a0\u00bboff\u00a0\u00bb global_colors_info=\u00a0\u00bb{}\u00a0\u00bb theme_builder_area=\u00a0\u00bbpost_content\u00a0\u00bb]<\/p>\n<h5>SOLUTIONS TECHNIQUES<\/h5>\n<p>[\/et_pb_text][et_pb_text _builder_version=\u00a0\u00bb4.22.2&Prime; _module_preset=\u00a0\u00bbdefault\u00a0\u00bb header_font=\u00a0\u00bbPlayfair Display||||||||\u00a0\u00bb header_font_size=\u00a0\u00bb60px\u00a0\u00bb header_2_font=\u00a0\u00bbPlayfair Display||||||||\u00a0\u00bb header_2_font_size=\u00a0\u00bb60px\u00a0\u00bb header_2_line_height=\u00a0\u00bb1.2em\u00a0\u00bb custom_margin=\u00a0\u00bb-9px||29px||false|false\u00a0\u00bb custom_padding=\u00a0\u00bb0px||||false|false\u00a0\u00bb header_font_size_tablet=\u00a0\u00bb60px\u00a0\u00bb header_font_size_phone=\u00a0\u00bb60px\u00a0\u00bb header_font_size_last_edited=\u00a0\u00bbon|desktop\u00a0\u00bb header_2_font_size_tablet=\u00a0\u00bb55px\u00a0\u00bb header_2_font_size_phone=\u00a0\u00bb48px\u00a0\u00bb header_2_font_size_last_edited=\u00a0\u00bbon|phone\u00a0\u00bb global_colors_info=\u00a0\u00bb{}\u00a0\u00bb theme_builder_area=\u00a0\u00bbpost_content\u00a0\u00bb]<\/p>\n<h1>Conseils de nettoyage<\/h1>\n<p>[\/et_pb_text][\/et_pb_column][\/et_pb_row][\/et_pb_section][et_pb_section fb_built=\u00a0\u00bb1&Prime; theme_builder_area=\u00a0\u00bbpost_content\u00a0\u00bb _builder_version=\u00a0\u00bb4.22.2&Prime; _module_preset=\u00a0\u00bbdefault\u00a0\u00bb custom_padding=\u00a0\u00bb0px|||||\u00a0\u00bb][et_pb_row _builder_version=\u00a0\u00bb4.22.2&Prime; _module_preset=\u00a0\u00bbdefault\u00a0\u00bb theme_builder_area=\u00a0\u00bbpost_content\u00a0\u00bb custom_padding=\u00a0\u00bb0px|||||\u00a0\u00bb][et_pb_column _builder_version=\u00a0\u00bb4.22.2&Prime; _module_preset=\u00a0\u00bbdefault\u00a0\u00bb type=\u00a0\u00bb4_4&Prime; theme_builder_area=\u00a0\u00bbpost_content\u00a0\u00bb][et_pb_text _builder_version=\u00a0\u00bb4.22.2&Prime; _module_preset=\u00a0\u00bbdefault\u00a0\u00bb theme_builder_area=\u00a0\u00bbpost_content\u00a0\u00bb hover_enabled=\u00a0\u00bb0&Prime; sticky_enabled=\u00a0\u00bb0&Prime;]<\/p>\n<p>Le tableau suivant pr\u00e9sente les produits de nettoyage les mieux adapt\u00e9s \u00e0 chaque type de tache.<\/p>\n<p>Pour conserver plus longtemps les propri\u00e9t\u00e9s et la beaut\u00e9 du gr\u00e8s c\u00e9rame\/polissage et semi-poli, il est n\u00e9cessaire de placer des tapis\/paillassons aux entr\u00e9es des places pav\u00e9es; le paillasson retient les min\u00e9raux qui peuvent rester attach\u00e9s \u00e0 la semelle de la chaussure.<\/p>\n<p>[\/et_pb_text][\/et_pb_column][\/et_pb_row][et_pb_row _builder_version=\u00a0\u00bb4.22.2&Prime; _module_preset=\u00a0\u00bbdefault\u00a0\u00bb theme_builder_area=\u00a0\u00bbpost_content\u00a0\u00bb column_structure=\u00a0\u00bb1_2,1_2&Prime; custom_padding=\u00a0\u00bb0px|||||\u00a0\u00bb][et_pb_column _builder_version=\u00a0\u00bb4.22.2&Prime; _module_preset=\u00a0\u00bbdefault\u00a0\u00bb type=\u00a0\u00bb1_2&Prime; theme_builder_area=\u00a0\u00bbpost_content\u00a0\u00bb][et_pb_toggle title=\u00a0\u00bbD\u00e9chets de ciment et de calcaire\u00a0\u00bb closed_toggle_text_color=\u00a0\u00bb#1C1C1C\u00a0\u00bb icon_color=\u00a0\u00bb#1F3EAC\u00a0\u00bb toggle_icon=\u00a0\u00bb&#xe03a;||divi||400&Prime; open_icon_color=\u00a0\u00bb#1F3EAC\u00a0\u00bb open_toggle_icon=\u00a0\u00bb&#xe039;||divi||400&Prime; module_class=\u00a0\u00bbcolorbullets\u00a0\u00bb _builder_version=\u00a0\u00bb4.22.2&Prime; _module_preset=\u00a0\u00bbdefault\u00a0\u00bb title_level=\u00a0\u00bbh4&Prime; title_font=\u00a0\u00bb|600|||||||\u00a0\u00bb title_font_size=\u00a0\u00bb18px\u00a0\u00bb body_text_color=\u00a0\u00bb#1C1C1C\u00a0\u00bb background_color=\u00a0\u00bbRGBA(255,255,255,0)\u00a0\u00bb custom_margin=\u00a0\u00bb||4px|||\u00a0\u00bb hover_enabled=\u00a0\u00bb0&Prime; border_width_all=\u00a0\u00bb0px\u00a0\u00bb border_width_bottom=\u00a0\u00bb1px\u00a0\u00bb border_color_bottom=\u00a0\u00bb#1F3EAC\u00a0\u00bb global_colors_info=\u00a0\u00bb{}\u00a0\u00bb theme_builder_area=\u00a0\u00bbpost_content\u00a0\u00bb sticky_enabled=\u00a0\u00bb0&Prime;]<\/p>\n<p>Produits de nettoyage \u00e0 base d\u2019acides d\u00e9sincrustants<\/p>\n<p>[\/et_pb_toggle][et_pb_toggle title=\u00a0\u00bbD\u00e9p\u00f4ts d\u2019oxydes\u00a0\u00bb closed_toggle_text_color=\u00a0\u00bb#1C1C1C\u00a0\u00bb icon_color=\u00a0\u00bb#1F3EAC\u00a0\u00bb toggle_icon=\u00a0\u00bb&#xe03a;||divi||400&Prime; open_icon_color=\u00a0\u00bb#1F3EAC\u00a0\u00bb open_toggle_icon=\u00a0\u00bb&#xe039;||divi||400&Prime; module_class=\u00a0\u00bbcolorbullets\u00a0\u00bb _builder_version=\u00a0\u00bb4.22.2&Prime; _module_preset=\u00a0\u00bbdefault\u00a0\u00bb title_level=\u00a0\u00bbh4&Prime; title_font=\u00a0\u00bb|600|||||||\u00a0\u00bb title_font_size=\u00a0\u00bb18px\u00a0\u00bb body_text_color=\u00a0\u00bb#1C1C1C\u00a0\u00bb background_color=\u00a0\u00bbRGBA(255,255,255,0)\u00a0\u00bb custom_margin=\u00a0\u00bb||4px|||\u00a0\u00bb hover_enabled=\u00a0\u00bb0&Prime; border_width_all=\u00a0\u00bb0px\u00a0\u00bb border_width_bottom=\u00a0\u00bb1px\u00a0\u00bb border_color_bottom=\u00a0\u00bb#1F3EAC\u00a0\u00bb global_colors_info=\u00a0\u00bb{}\u00a0\u00bb theme_builder_area=\u00a0\u00bbpost_content\u00a0\u00bb sticky_enabled=\u00a0\u00bb0&Prime;]<\/p>\n<p>D\u00e9tartrant<\/p>\n<p>[\/et_pb_toggle][et_pb_toggle title=\u00a0\u00bbHuiles\u00a0\u00bb closed_toggle_text_color=\u00a0\u00bb#1C1C1C\u00a0\u00bb icon_color=\u00a0\u00bb#1F3EAC\u00a0\u00bb toggle_icon=\u00a0\u00bb&#xe03a;||divi||400&Prime; open_icon_color=\u00a0\u00bb#1F3EAC\u00a0\u00bb open_toggle_icon=\u00a0\u00bb&#xe039;||divi||400&Prime; module_class=\u00a0\u00bbcolorbullets\u00a0\u00bb _builder_version=\u00a0\u00bb4.22.2&Prime; _module_preset=\u00a0\u00bbdefault\u00a0\u00bb title_level=\u00a0\u00bbh4&Prime; title_font=\u00a0\u00bb|600|||||||\u00a0\u00bb title_font_size=\u00a0\u00bb18px\u00a0\u00bb body_text_color=\u00a0\u00bb#1C1C1C\u00a0\u00bb background_color=\u00a0\u00bbRGBA(255,255,255,0)\u00a0\u00bb custom_margin=\u00a0\u00bb||4px|||\u00a0\u00bb hover_enabled=\u00a0\u00bb0&Prime; border_width_all=\u00a0\u00bb0px\u00a0\u00bb border_width_bottom=\u00a0\u00bb1px\u00a0\u00bb border_color_bottom=\u00a0\u00bb#1F3EAC\u00a0\u00bb global_colors_info=\u00a0\u00bb{}\u00a0\u00bb theme_builder_area=\u00a0\u00bbpost_content\u00a0\u00bb sticky_enabled=\u00a0\u00bb0&Prime;]<\/p>\n<p>Solvant universel, t\u00e9r\u00e9benthine, ac\u00e9tone, alcool<\/p>\n<p>[\/et_pb_toggle][et_pb_toggle title=\u00a0\u00bbGraisses\u00a0\u00bb closed_toggle_text_color=\u00a0\u00bb#1C1C1C\u00a0\u00bb icon_color=\u00a0\u00bb#1F3EAC\u00a0\u00bb toggle_icon=\u00a0\u00bb&#xe03a;||divi||400&Prime; open_icon_color=\u00a0\u00bb#1F3EAC\u00a0\u00bb open_toggle_icon=\u00a0\u00bb&#xe039;||divi||400&Prime; module_class=\u00a0\u00bbcolorbullets\u00a0\u00bb _builder_version=\u00a0\u00bb4.22.2&Prime; _module_preset=\u00a0\u00bbdefault\u00a0\u00bb title_level=\u00a0\u00bbh4&Prime; title_font=\u00a0\u00bb|600|||||||\u00a0\u00bb title_font_size=\u00a0\u00bb18px\u00a0\u00bb body_text_color=\u00a0\u00bb#1C1C1C\u00a0\u00bb background_color=\u00a0\u00bbRGBA(255,255,255,0)\u00a0\u00bb custom_margin=\u00a0\u00bb||4px|||\u00a0\u00bb hover_enabled=\u00a0\u00bb0&Prime; border_width_all=\u00a0\u00bb0px\u00a0\u00bb border_width_bottom=\u00a0\u00bb1px\u00a0\u00bb border_color_bottom=\u00a0\u00bb#1F3EAC\u00a0\u00bb global_colors_info=\u00a0\u00bb{}\u00a0\u00bb theme_builder_area=\u00a0\u00bbpost_content\u00a0\u00bb sticky_enabled=\u00a0\u00bb0&Prime;]<\/p>\n<p>Solvant universel, t\u00e9r\u00e9benthine, ac\u00e9tone, alcool, ammoniac<\/p>\n<p>[\/et_pb_toggle][et_pb_toggle title=\u00a0\u00bbGoudron ou bitume\u00a0\u00bb closed_toggle_text_color=\u00a0\u00bb#1C1C1C\u00a0\u00bb icon_color=\u00a0\u00bb#1F3EAC\u00a0\u00bb toggle_icon=\u00a0\u00bb&#xe03a;||divi||400&Prime; open_icon_color=\u00a0\u00bb#1F3EAC\u00a0\u00bb open_toggle_icon=\u00a0\u00bb&#xe039;||divi||400&Prime; module_class=\u00a0\u00bbcolorbullets\u00a0\u00bb _builder_version=\u00a0\u00bb4.22.2&Prime; _module_preset=\u00a0\u00bbdefault\u00a0\u00bb title_level=\u00a0\u00bbh4&Prime; title_font=\u00a0\u00bb|600|||||||\u00a0\u00bb title_font_size=\u00a0\u00bb18px\u00a0\u00bb body_text_color=\u00a0\u00bb#1C1C1C\u00a0\u00bb background_color=\u00a0\u00bbRGBA(255,255,255,0)\u00a0\u00bb custom_margin=\u00a0\u00bb||4px|||\u00a0\u00bb hover_enabled=\u00a0\u00bb0&Prime; border_width_all=\u00a0\u00bb0px\u00a0\u00bb border_width_bottom=\u00a0\u00bb1px\u00a0\u00bb border_color_bottom=\u00a0\u00bb#1F3EAC\u00a0\u00bb global_colors_info=\u00a0\u00bb{}\u00a0\u00bb theme_builder_area=\u00a0\u00bbpost_content\u00a0\u00bb sticky_enabled=\u00a0\u00bb0&Prime;]<\/p>\n<p>Solvant universel, t\u00e9r\u00e9benthine, ac\u00e9tone, alcool<\/p>\n<p>[\/et_pb_toggle][et_pb_toggle title=\u00a0\u00bbPeinture\u00a0\u00bb closed_toggle_text_color=\u00a0\u00bb#1C1C1C\u00a0\u00bb icon_color=\u00a0\u00bb#1F3EAC\u00a0\u00bb toggle_icon=\u00a0\u00bb&#xe03a;||divi||400&Prime; open_icon_color=\u00a0\u00bb#1F3EAC\u00a0\u00bb open_toggle_icon=\u00a0\u00bb&#xe039;||divi||400&Prime; module_class=\u00a0\u00bbcolorbullets\u00a0\u00bb _builder_version=\u00a0\u00bb4.22.2&Prime; _module_preset=\u00a0\u00bbdefault\u00a0\u00bb title_level=\u00a0\u00bbh4&Prime; title_font=\u00a0\u00bb|600|||||||\u00a0\u00bb title_font_size=\u00a0\u00bb18px\u00a0\u00bb body_text_color=\u00a0\u00bb#1C1C1C\u00a0\u00bb background_color=\u00a0\u00bbRGBA(255,255,255,0)\u00a0\u00bb custom_margin=\u00a0\u00bb||4px|||\u00a0\u00bb hover_enabled=\u00a0\u00bb0&Prime; border_width_all=\u00a0\u00bb0px\u00a0\u00bb border_width_bottom=\u00a0\u00bb1px\u00a0\u00bb border_color_bottom=\u00a0\u00bb#1F3EAC\u00a0\u00bb global_colors_info=\u00a0\u00bb{}\u00a0\u00bb theme_builder_area=\u00a0\u00bbpost_content\u00a0\u00bb sticky_enabled=\u00a0\u00bb0&Prime;]<\/p>\n<p>Solvant universel, t\u00e9r\u00e9benthine, ac\u00e9tone, alcool<\/p>\n<p>[\/et_pb_toggle][et_pb_toggle title=\u00a0\u00bbCaoutchouc ou caoutchouc\u00a0\u00bb closed_toggle_text_color=\u00a0\u00bb#1C1C1C\u00a0\u00bb icon_color=\u00a0\u00bb#1F3EAC\u00a0\u00bb toggle_icon=\u00a0\u00bb&#xe03a;||divi||400&Prime; open_icon_color=\u00a0\u00bb#1F3EAC\u00a0\u00bb open_toggle_icon=\u00a0\u00bb&#xe039;||divi||400&Prime; module_class=\u00a0\u00bbcolorbullets\u00a0\u00bb _builder_version=\u00a0\u00bb4.22.2&Prime; _module_preset=\u00a0\u00bbdefault\u00a0\u00bb title_level=\u00a0\u00bbh4&Prime; title_font=\u00a0\u00bb|600|||||||\u00a0\u00bb title_font_size=\u00a0\u00bb18px\u00a0\u00bb body_text_color=\u00a0\u00bb#1C1C1C\u00a0\u00bb background_color=\u00a0\u00bbRGBA(255,255,255,0)\u00a0\u00bb custom_margin=\u00a0\u00bb||4px|||\u00a0\u00bb hover_enabled=\u00a0\u00bb0&Prime; border_width_all=\u00a0\u00bb0px\u00a0\u00bb border_width_bottom=\u00a0\u00bb1px\u00a0\u00bb border_color_bottom=\u00a0\u00bb#1F3EAC\u00a0\u00bb global_colors_info=\u00a0\u00bb{}\u00a0\u00bb theme_builder_area=\u00a0\u00bbpost_content\u00a0\u00bb sticky_enabled=\u00a0\u00bb0&Prime;]<\/p>\n<p>Solvant universel, t\u00e9r\u00e9benthine, ac\u00e9tone, alcool<\/p>\n<p>[\/et_pb_toggle][\/et_pb_column][et_pb_column _builder_version=\u00a0\u00bb4.22.2&Prime; _module_preset=\u00a0\u00bbdefault\u00a0\u00bb type=\u00a0\u00bb1_2&Prime; theme_builder_area=\u00a0\u00bbpost_content\u00a0\u00bb][et_pb_toggle title=\u00a0\u00bbBi\u00e8re ou vin\u00a0\u00bb closed_toggle_text_color=\u00a0\u00bb#1C1C1C\u00a0\u00bb icon_color=\u00a0\u00bb#1F3EAC\u00a0\u00bb toggle_icon=\u00a0\u00bb&#xe03a;||divi||400&Prime; open_icon_color=\u00a0\u00bb#1F3EAC\u00a0\u00bb open_toggle_icon=\u00a0\u00bb&#xe039;||divi||400&Prime; module_class=\u00a0\u00bbcolorbullets\u00a0\u00bb _builder_version=\u00a0\u00bb4.22.2&Prime; _module_preset=\u00a0\u00bbdefault\u00a0\u00bb title_level=\u00a0\u00bbh4&Prime; title_font=\u00a0\u00bb|600|||||||\u00a0\u00bb title_font_size=\u00a0\u00bb18px\u00a0\u00bb body_text_color=\u00a0\u00bb#1C1C1C\u00a0\u00bb background_color=\u00a0\u00bbRGBA(255,255,255,0)\u00a0\u00bb custom_margin=\u00a0\u00bb||4px|||\u00a0\u00bb hover_enabled=\u00a0\u00bb0&Prime; border_width_all=\u00a0\u00bb0px\u00a0\u00bb border_width_bottom=\u00a0\u00bb1px\u00a0\u00bb border_color_bottom=\u00a0\u00bb#1F3EAC\u00a0\u00bb global_colors_info=\u00a0\u00bb{}\u00a0\u00bb theme_builder_area=\u00a0\u00bbpost_content\u00a0\u00bb sticky_enabled=\u00a0\u00bb0&Prime; custom_padding_last_edited=\u00a0\u00bbon|tablet\u00a0\u00bb custom_padding_tablet=\u00a0\u00bb0px||||false|false\u00a0\u00bb custom_margin_last_edited=\u00a0\u00bbon|desktop\u00a0\u00bb custom_margin_tablet=\u00a0\u00bb-15px||4px||false|false\u00a0\u00bb custom_padding_phone=\u00a0\u00bb0px||||false|false\u00a0\u00bb custom_margin_phone=\u00a0\u00bb-15px||4px||false|false\u00a0\u00bb]<\/p>\n<p>Ammoniac, d\u00e9tartrant<\/p>\n<p>[\/et_pb_toggle][et_pb_toggle title=\u00a0\u00bbIode\u00a0\u00bb closed_toggle_text_color=\u00a0\u00bb#1C1C1C\u00a0\u00bb icon_color=\u00a0\u00bb#1F3EAC\u00a0\u00bb toggle_icon=\u00a0\u00bb&#xe03a;||divi||400&Prime; open_icon_color=\u00a0\u00bb#1F3EAC\u00a0\u00bb open_toggle_icon=\u00a0\u00bb&#xe039;||divi||400&Prime; module_class=\u00a0\u00bbcolorbullets\u00a0\u00bb _builder_version=\u00a0\u00bb4.22.2&Prime; _module_preset=\u00a0\u00bbdefault\u00a0\u00bb title_level=\u00a0\u00bbh4&Prime; title_font=\u00a0\u00bb|600|||||||\u00a0\u00bb title_font_size=\u00a0\u00bb18px\u00a0\u00bb body_text_color=\u00a0\u00bb#1C1C1C\u00a0\u00bb background_color=\u00a0\u00bbRGBA(255,255,255,0)\u00a0\u00bb custom_margin=\u00a0\u00bb||4px|||\u00a0\u00bb hover_enabled=\u00a0\u00bb0&Prime; border_width_all=\u00a0\u00bb0px\u00a0\u00bb border_width_bottom=\u00a0\u00bb1px\u00a0\u00bb border_color_bottom=\u00a0\u00bb#1F3EAC\u00a0\u00bb global_colors_info=\u00a0\u00bb{}\u00a0\u00bb theme_builder_area=\u00a0\u00bbpost_content\u00a0\u00bb sticky_enabled=\u00a0\u00bb0&Prime;]<\/p>\n<p>Eau de Javel dilu\u00e9e.<\/p>\n<p>[\/et_pb_toggle][et_pb_toggle title=\u00a0\u00bbSang\u00a0\u00bb closed_toggle_text_color=\u00a0\u00bb#1C1C1C\u00a0\u00bb icon_color=\u00a0\u00bb#1F3EAC\u00a0\u00bb toggle_icon=\u00a0\u00bb&#xe03a;||divi||400&Prime; open_icon_color=\u00a0\u00bb#1F3EAC\u00a0\u00bb open_toggle_icon=\u00a0\u00bb&#xe039;||divi||400&Prime; module_class=\u00a0\u00bbcolorbullets\u00a0\u00bb _builder_version=\u00a0\u00bb4.22.2&Prime; _module_preset=\u00a0\u00bbdefault\u00a0\u00bb title_level=\u00a0\u00bbh4&Prime; title_font=\u00a0\u00bb|600|||||||\u00a0\u00bb title_font_size=\u00a0\u00bb18px\u00a0\u00bb body_text_color=\u00a0\u00bb#1C1C1C\u00a0\u00bb background_color=\u00a0\u00bbRGBA(255,255,255,0)\u00a0\u00bb custom_margin=\u00a0\u00bb||4px|||\u00a0\u00bb hover_enabled=\u00a0\u00bb0&Prime; border_width_all=\u00a0\u00bb0px\u00a0\u00bb border_width_bottom=\u00a0\u00bb1px\u00a0\u00bb border_color_bottom=\u00a0\u00bb#1F3EAC\u00a0\u00bb global_colors_info=\u00a0\u00bb{}\u00a0\u00bb theme_builder_area=\u00a0\u00bbpost_content\u00a0\u00bb sticky_enabled=\u00a0\u00bb0&Prime; admin_label=\u00a0\u00bbConmutador\u00a0\u00bb]<\/p>\n<p>Eau de Javel dilu\u00e9e.<\/p>\n<p>[\/et_pb_toggle][et_pb_toggle title=\u00a0\u00bbCaf\u00e9, th\u00e9 ou jus de fruits\u00a0\u00bb closed_toggle_text_color=\u00a0\u00bb#1C1C1C\u00a0\u00bb icon_color=\u00a0\u00bb#1F3EAC\u00a0\u00bb toggle_icon=\u00a0\u00bb&#xe03a;||divi||400&Prime; open_icon_color=\u00a0\u00bb#1F3EAC\u00a0\u00bb open_toggle_icon=\u00a0\u00bb&#xe039;||divi||400&Prime; module_class=\u00a0\u00bbcolorbullets\u00a0\u00bb _builder_version=\u00a0\u00bb4.22.2&Prime; _module_preset=\u00a0\u00bbdefault\u00a0\u00bb title_level=\u00a0\u00bbh4&Prime; title_font=\u00a0\u00bb|600|||||||\u00a0\u00bb title_font_size=\u00a0\u00bb18px\u00a0\u00bb body_text_color=\u00a0\u00bb#1C1C1C\u00a0\u00bb background_color=\u00a0\u00bbRGBA(255,255,255,0)\u00a0\u00bb custom_margin=\u00a0\u00bb||4px|||\u00a0\u00bb hover_enabled=\u00a0\u00bb0&Prime; border_width_all=\u00a0\u00bb0px\u00a0\u00bb border_width_bottom=\u00a0\u00bb1px\u00a0\u00bb border_color_bottom=\u00a0\u00bb#1F3EAC\u00a0\u00bb global_colors_info=\u00a0\u00bb{}\u00a0\u00bb theme_builder_area=\u00a0\u00bbpost_content\u00a0\u00bb sticky_enabled=\u00a0\u00bb0&Prime;]<\/p>\n<p>Solvant universel, t\u00e9r\u00e9benthine, ac\u00e9tone, alcool <\/p>\n<p>[\/et_pb_toggle][et_pb_toggle title=\u00a0\u00bbEncre ou mercromine\u00a0\u00bb closed_toggle_text_color=\u00a0\u00bb#1C1C1C\u00a0\u00bb icon_color=\u00a0\u00bb#1F3EAC\u00a0\u00bb toggle_icon=\u00a0\u00bb&#xe03a;||divi||400&Prime; open_icon_color=\u00a0\u00bb#1F3EAC\u00a0\u00bb open_toggle_icon=\u00a0\u00bb&#xe039;||divi||400&Prime; module_class=\u00a0\u00bbcolorbullets\u00a0\u00bb _builder_version=\u00a0\u00bb4.22.2&Prime; _module_preset=\u00a0\u00bbdefault\u00a0\u00bb title_level=\u00a0\u00bbh4&Prime; title_font=\u00a0\u00bb|600|||||||\u00a0\u00bb title_font_size=\u00a0\u00bb18px\u00a0\u00bb body_text_color=\u00a0\u00bb#1C1C1C\u00a0\u00bb background_color=\u00a0\u00bbRGBA(255,255,255,0)\u00a0\u00bb custom_margin=\u00a0\u00bb||4px|||\u00a0\u00bb hover_enabled=\u00a0\u00bb0&Prime; border_width_all=\u00a0\u00bb0px\u00a0\u00bb border_width_bottom=\u00a0\u00bb1px\u00a0\u00bb border_color_bottom=\u00a0\u00bb#1F3EAC\u00a0\u00bb global_colors_info=\u00a0\u00bb{}\u00a0\u00bb theme_builder_area=\u00a0\u00bbpost_content\u00a0\u00bb sticky_enabled=\u00a0\u00bb0&Prime; admin_label=\u00a0\u00bbConmutador\u00a0\u00bb]<\/p>\n<p>Solvant universel, t\u00e9r\u00e9benthine, ac\u00e9tone, alcool<\/p>\n<p>[\/et_pb_toggle][et_pb_toggle title=\u00a0\u00bbNicotine\u00a0\u00bb closed_toggle_text_color=\u00a0\u00bb#1C1C1C\u00a0\u00bb icon_color=\u00a0\u00bb#1F3EAC\u00a0\u00bb toggle_icon=\u00a0\u00bb&#xe03a;||divi||400&Prime; open_icon_color=\u00a0\u00bb#1F3EAC\u00a0\u00bb open_toggle_icon=\u00a0\u00bb&#xe039;||divi||400&Prime; module_class=\u00a0\u00bbcolorbullets\u00a0\u00bb _builder_version=\u00a0\u00bb4.22.2&Prime; _module_preset=\u00a0\u00bbdefault\u00a0\u00bb title_level=\u00a0\u00bbh4&Prime; title_font=\u00a0\u00bb|600|||||||\u00a0\u00bb title_font_size=\u00a0\u00bb18px\u00a0\u00bb body_text_color=\u00a0\u00bb#1C1C1C\u00a0\u00bb background_color=\u00a0\u00bbRGBA(255,255,255,0)\u00a0\u00bb custom_margin=\u00a0\u00bb||4px|||\u00a0\u00bb hover_enabled=\u00a0\u00bb0&Prime; border_width_all=\u00a0\u00bb0px\u00a0\u00bb border_width_bottom=\u00a0\u00bb1px\u00a0\u00bb border_color_bottom=\u00a0\u00bb#1F3EAC\u00a0\u00bb global_colors_info=\u00a0\u00bb{}\u00a0\u00bb theme_builder_area=\u00a0\u00bbpost_content\u00a0\u00bb sticky_enabled=\u00a0\u00bb0&Prime; admin_label=\u00a0\u00bbConmutador\u00a0\u00bb]<\/p>\n<p>Solvant universel, t\u00e9r\u00e9benthine, ac\u00e9tone, alcool, peroxyde d&rsquo;hydrog\u00e8ne, eau de Javel dilu\u00e9e.<\/p>\n<p>[\/et_pb_toggle][\/et_pb_column][\/et_pb_row][\/et_pb_section][et_pb_section fb_built=\u00a0\u00bb1&Prime; theme_builder_area=\u00a0\u00bbpost_content\u00a0\u00bb _builder_version=\u00a0\u00bb4.22.2&Prime; _module_preset=\u00a0\u00bbdefault\u00a0\u00bb background_color=\u00a0\u00bb#F7F7F7&Prime; hover_enabled=\u00a0\u00bb0&Prime; sticky_enabled=\u00a0\u00bb0&Prime;][et_pb_row _builder_version=\u00a0\u00bb4.22.2&Prime; _module_preset=\u00a0\u00bbdefault\u00a0\u00bb theme_builder_area=\u00a0\u00bbpost_content\u00a0\u00bb column_structure=\u00a0\u00bb1_2,1_2&Prime; background_enable_color=\u00a0\u00bboff\u00a0\u00bb hover_enabled=\u00a0\u00bb0&Prime; sticky_enabled=\u00a0\u00bb0&Prime;][et_pb_column _builder_version=\u00a0\u00bb4.22.2&Prime; _module_preset=\u00a0\u00bbdefault\u00a0\u00bb type=\u00a0\u00bb1_2&Prime; theme_builder_area=\u00a0\u00bbpost_content\u00a0\u00bb][et_pb_video src=\u00a0\u00bbhttps:\/\/vimeo.com\/328213405&Prime; _builder_version=\u00a0\u00bb4.22.2&Prime; _module_preset=\u00a0\u00bbdefault\u00a0\u00bb theme_builder_area=\u00a0\u00bbpost_content\u00a0\u00bb border_radii=\u00a0\u00bbon|14px|14px|14px|14px\u00a0\u00bb hover_enabled=\u00a0\u00bb0&Prime; sticky_enabled=\u00a0\u00bb0&Prime;][\/et_pb_video][\/et_pb_column][et_pb_column _builder_version=\u00a0\u00bb4.22.2&Prime; _module_preset=\u00a0\u00bbdefault\u00a0\u00bb type=\u00a0\u00bb1_2&Prime; theme_builder_area=\u00a0\u00bbpost_content\u00a0\u00bb][et_pb_video src=\u00a0\u00bbhttps:\/\/vimeo.com\/328213195&Prime; _builder_version=\u00a0\u00bb4.22.2&Prime; _module_preset=\u00a0\u00bbdefault\u00a0\u00bb theme_builder_area=\u00a0\u00bbpost_content\u00a0\u00bb border_radii=\u00a0\u00bbon|14px|14px|14px|14px\u00a0\u00bb hover_enabled=\u00a0\u00bb0&Prime; sticky_enabled=\u00a0\u00bb0&Prime;][\/et_pb_video][\/et_pb_column][\/et_pb_row][et_pb_row _builder_version=\u00a0\u00bb4.22.2&Prime; _module_preset=\u00a0\u00bbdefault\u00a0\u00bb theme_builder_area=\u00a0\u00bbpost_content\u00a0\u00bb column_structure=\u00a0\u00bb1_2,1_2&Prime; background_enable_color=\u00a0\u00bboff\u00a0\u00bb hover_enabled=\u00a0\u00bb0&Prime; sticky_enabled=\u00a0\u00bb0&Prime;][et_pb_column _builder_version=\u00a0\u00bb4.22.2&Prime; _module_preset=\u00a0\u00bbdefault\u00a0\u00bb type=\u00a0\u00bb1_2&Prime; theme_builder_area=\u00a0\u00bbpost_content\u00a0\u00bb][et_pb_video src=\u00a0\u00bbhttps:\/\/vimeo.com\/328213598&Prime; _builder_version=\u00a0\u00bb4.22.2&Prime; _module_preset=\u00a0\u00bbdefault\u00a0\u00bb theme_builder_area=\u00a0\u00bbpost_content\u00a0\u00bb border_radii=\u00a0\u00bbon|14px|14px|14px|14px\u00a0\u00bb hover_enabled=\u00a0\u00bb0&Prime; sticky_enabled=\u00a0\u00bb0&Prime;][\/et_pb_video][\/et_pb_column][et_pb_column _builder_version=\u00a0\u00bb4.22.2&Prime; _module_preset=\u00a0\u00bbdefault\u00a0\u00bb type=\u00a0\u00bb1_2&Prime; theme_builder_area=\u00a0\u00bbpost_content\u00a0\u00bb][et_pb_video src=\u00a0\u00bbhttps:\/\/vimeo.com\/328212714&Prime; _builder_version=\u00a0\u00bb4.22.2&Prime; _module_preset=\u00a0\u00bbdefault\u00a0\u00bb theme_builder_area=\u00a0\u00bbpost_content\u00a0\u00bb border_radii=\u00a0\u00bbon|14px|14px|14px|14px\u00a0\u00bb hover_enabled=\u00a0\u00bb0&Prime; sticky_enabled=\u00a0\u00bb0&Prime;][\/et_pb_video][\/et_pb_column][\/et_pb_row][\/et_pb_section]<\/p>\n","protected":false},"excerpt":{"rendered":"<p>SOLUTIONS TECHNIQUESConseils de nettoyageLe tableau suivant pr\u00e9sente les produits de nettoyage les mieux adapt\u00e9s \u00e0 chaque type de tache. Pour conserver plus longtemps les propri\u00e9t\u00e9s et la beaut\u00e9 du gr\u00e8s c\u00e9rame\/polissage et semi-poli, il est n\u00e9cessaire de placer des tapis\/paillassons aux entr\u00e9es des places pav\u00e9es; le paillasson retient les min\u00e9raux qui peuvent rester attach\u00e9s \u00e0 [&hellip;]<\/p>\n","protected":false},"author":1,"featured_media":0,"parent":386883,"menu_order":0,"comment_status":"closed","ping_status":"closed","template":"","meta":{"_acf_changed":false,"_et_pb_use_builder":"on","_et_pb_old_content":"","_et_gb_content_width":"","footnotes":""},"class_list":["post-387110","page","type-page","status-publish","hentry"],"acf":[],"_links":{"self":[{"href":"https:\/\/www.geotiles.com\/fr\/wp-json\/wp\/v2\/pages\/387110","targetHints":{"allow":["GET"]}}],"collection":[{"href":"https:\/\/www.geotiles.com\/fr\/wp-json\/wp\/v2\/pages"}],"about":[{"href":"https:\/\/www.geotiles.com\/fr\/wp-json\/wp\/v2\/types\/page"}],"author":[{"embeddable":true,"href":"https:\/\/www.geotiles.com\/fr\/wp-json\/wp\/v2\/users\/1"}],"replies":[{"embeddable":true,"href":"https:\/\/www.geotiles.com\/fr\/wp-json\/wp\/v2\/comments?post=387110"}],"version-history":[{"count":6,"href":"https:\/\/www.geotiles.com\/fr\/wp-json\/wp\/v2\/pages\/387110\/revisions"}],"predecessor-version":[{"id":416221,"href":"https:\/\/www.geotiles.com\/fr\/wp-json\/wp\/v2\/pages\/387110\/revisions\/416221"}],"up":[{"embeddable":true,"href":"https:\/\/www.geotiles.com\/fr\/wp-json\/wp\/v2\/pages\/386883"}],"wp:attachment":[{"href":"https:\/\/www.geotiles.com\/fr\/wp-json\/wp\/v2\/media?parent=387110"}],"curies":[{"name":"wp","href":"https:\/\/api.w.org\/{rel}","templated":true}]}}